{"id":1577,"date":"2018-08-31T18:12:12","date_gmt":"2018-08-31T16:12:12","guid":{"rendered":"http:\/\/oc-cesson-volley.com\/?page_id=1577"},"modified":"2025-07-27T11:15:37","modified_gmt":"2025-07-27T09:15:37","slug":"horaires-2018-2019","status":"publish","type":"page","link":"http:\/\/oc-cesson-volley.com\/?page_id=1577","title":{"rendered":"Horaires &amp; Salles"},"content":{"rendered":"\n<p class=\"has-text-align-center\">Planning des entra\u00eenements 2025\/2026 (Entente VBCCV)<\/p>\n\n\n\n<p><strong>A venir. Les cr\u00e9neaux ci-dessous sont pr\u00e9sent\u00e9s \u00e0 titre indicatif et correspondent \u00e0 la saison 2024\/2025.<\/strong><\/p>\n\n\n\n<h2 class=\"wp-block-heading\">D\u00e9tentes<\/h2>\n\n\n\n<figure class=\"wp-block-image size-large\"><a href=\"http:\/\/oc-cesson-volley.com\/wp-content\/uploads\/2024\/08\/2025.xlsx-DETENTE-page-001.jpg\"><img loading=\"lazy\" decoding=\"async\" width=\"1024\" height=\"809\" src=\"http:\/\/oc-cesson-volley.com\/wp-content\/uploads\/2024\/08\/2025.xlsx-DETENTE-page-001-1024x809.jpg\" alt=\"\" class=\"wp-image-2160\" srcset=\"http:\/\/oc-cesson-volley.com\/wp-content\/uploads\/2024\/08\/2025.xlsx-DETENTE-page-001-1024x809.jpg 1024w, http:\/\/oc-cesson-volley.com\/wp-content\/uploads\/2024\/08\/2025.xlsx-DETENTE-page-001-300x237.jpg 300w, http:\/\/oc-cesson-volley.com\/wp-content\/uploads\/2024\/08\/2025.xlsx-DETENTE-page-001-768x607.jpg 768w, http:\/\/oc-cesson-volley.com\/wp-content\/uploads\/2024\/08\/2025.xlsx-DETENTE-page-001.jpg 1267w\" sizes=\"auto, (max-width: 1024px) 100vw, 1024px\" \/><\/a><\/figure>\n\n\n\n<h2 class=\"wp-block-heading\">Jeunes<\/h2>\n\n\n\n<figure class=\"wp-block-image size-large\"><a href=\"http:\/\/oc-cesson-volley.com\/wp-content\/uploads\/2024\/08\/2025.xlsx-JEUNES-page-001-scaled.jpg\"><img loading=\"lazy\" decoding=\"async\" width=\"763\" height=\"1024\" src=\"http:\/\/oc-cesson-volley.com\/wp-content\/uploads\/2024\/08\/2025.xlsx-JEUNES-page-001-763x1024.jpg\" alt=\"\" class=\"wp-image-2162\" srcset=\"http:\/\/oc-cesson-volley.com\/wp-content\/uploads\/2024\/08\/2025.xlsx-JEUNES-page-001-763x1024.jpg 763w, http:\/\/oc-cesson-volley.com\/wp-content\/uploads\/2024\/08\/2025.xlsx-JEUNES-page-001-224x300.jpg 224w, http:\/\/oc-cesson-volley.com\/wp-content\/uploads\/2024\/08\/2025.xlsx-JEUNES-page-001-768x1030.jpg 768w, http:\/\/oc-cesson-volley.com\/wp-content\/uploads\/2024\/08\/2025.xlsx-JEUNES-page-001-1145x1536.jpg 1145w, http:\/\/oc-cesson-volley.com\/wp-content\/uploads\/2024\/08\/2025.xlsx-JEUNES-page-001-1527x2048.jpg 1527w, http:\/\/oc-cesson-volley.com\/wp-content\/uploads\/2024\/08\/2025.xlsx-JEUNES-page-001-scaled.jpg 1909w\" sizes=\"auto, (max-width: 763px) 100vw, 763px\" \/><\/a><\/figure>\n\n\n\n<h2 class=\"wp-block-heading\">Senior<\/h2>\n\n\n\n<figure class=\"wp-block-image size-large\"><a href=\"http:\/\/oc-cesson-volley.com\/wp-content\/uploads\/2024\/08\/2025.xlsx-SENIORS-page-001.jpg\"><img loading=\"lazy\" decoding=\"async\" width=\"892\" height=\"1024\" src=\"http:\/\/oc-cesson-volley.com\/wp-content\/uploads\/2024\/08\/2025.xlsx-SENIORS-page-001-892x1024.jpg\" alt=\"\" class=\"wp-image-2163\" srcset=\"http:\/\/oc-cesson-volley.com\/wp-content\/uploads\/2024\/08\/2025.xlsx-SENIORS-page-001-892x1024.jpg 892w, http:\/\/oc-cesson-volley.com\/wp-content\/uploads\/2024\/08\/2025.xlsx-SENIORS-page-001-261x300.jpg 261w, http:\/\/oc-cesson-volley.com\/wp-content\/uploads\/2024\/08\/2025.xlsx-SENIORS-page-001-768x881.jpg 768w, http:\/\/oc-cesson-volley.com\/wp-content\/uploads\/2024\/08\/2025.xlsx-SENIORS-page-001-1339x1536.jpg 1339w, http:\/\/oc-cesson-volley.com\/wp-content\/uploads\/2024\/08\/2025.xlsx-SENIORS-page-001.jpg 1676w\" sizes=\"auto, (max-width: 892px) 100vw, 892px\" \/><\/a><\/figure>\n","protected":false},"excerpt":{"rendered":"<p>Planning des entra\u00eenements 2025\/2026 (Entente VBCCV) A venir. Les cr\u00e9neaux ci-dessous sont pr\u00e9sent\u00e9s \u00e0 titre indicatif et correspondent \u00e0 la saison 2024\/2025. D\u00e9tentes Jeunes Senior<\/p>\n","protected":false},"author":1,"featured_media":0,"parent":1022,"menu_order":0,"comment_status":"closed","ping_status":"closed","template":"wp-custom-template-pages","meta":{"footnotes":""},"class_list":["post-1577","page","type-page","status-publish","hentry"],"_links":{"self":[{"href":"http:\/\/oc-cesson-volley.com\/index.php?rest_route=\/wp\/v2\/pages\/1577","targetHints":{"allow":["GET"]}}],"collection":[{"href":"http:\/\/oc-cesson-volley.com\/index.php?rest_route=\/wp\/v2\/pages"}],"about":[{"href":"http:\/\/oc-cesson-volley.com\/index.php?rest_route=\/wp\/v2\/types\/page"}],"author":[{"embeddable":true,"href":"http:\/\/oc-cesson-volley.com\/index.php?rest_route=\/wp\/v2\/users\/1"}],"replies":[{"embeddable":true,"href":"http:\/\/oc-cesson-volley.com\/index.php?rest_route=%2Fwp%2Fv2%2Fcomments&post=1577"}],"version-history":[{"count":38,"href":"http:\/\/oc-cesson-volley.com\/index.php?rest_route=\/wp\/v2\/pages\/1577\/revisions"}],"predecessor-version":[{"id":2182,"href":"http:\/\/oc-cesson-volley.com\/index.php?rest_route=\/wp\/v2\/pages\/1577\/revisions\/2182"}],"up":[{"embeddable":true,"href":"http:\/\/oc-cesson-volley.com\/index.php?rest_route=\/wp\/v2\/pages\/1022"}],"wp:attachment":[{"href":"http:\/\/oc-cesson-volley.com\/index.php?rest_route=%2Fwp%2Fv2%2Fmedia&parent=1577"}],"curies":[{"name":"wp","href":"https:\/\/api.w.org\/{rel}","templated":true}]}}